{"id":228,"date":"2026-03-17T08:52:53","date_gmt":"2026-03-17T08:52:53","guid":{"rendered":"https:\/\/www.ecohortacanremilans.cat\/quienes-somos\/"},"modified":"2026-03-27T11:40:19","modified_gmt":"2026-03-27T11:40:19","slug":"quienes-somos","status":"publish","type":"page","link":"https:\/\/www.ecohortacanremilans.cat\/es\/quienes-somos\/","title":{"rendered":"Qui\u00e9nes somos"},"content":{"rendered":"<div class=\"wpb-content-wrapper\"><p>[vc_row][vc_column width=\u00bb1\/6&#8243;][\/vc_column][vc_column width=\u00bb2\/3&#8243;][vc_empty_space height=\u00bb35&#8243;][vc_column_text css_animation=\u00bbfadeInLeft\u00bb css=\u00bb\u00bb]<\/p>\n<p style=\"text-align: center;\"><strong>EcoHorta Can Remilans<\/strong> es un peque\u00f1o proyecto agroecol\u00f3gico arraigado en <strong>Massanes<\/strong> que, desde hace a\u00f1os, trabaja por una <strong data-start=\"2133\" data-end=\"2163\">soberan\u00eda alimentaria real<\/strong> y por otra forma de entender la alimentaci\u00f3n, el territorio, las relaciones humanas, los alimentos y la relaci\u00f3n directa con las personas.<\/p>\n<p>[\/vc_column_text][vc_column_text css_animation=\u00bbfadeInRight\u00bb css=\u00bb\u00bb]<\/p>\n<p style=\"text-align: center;\" data-start=\"2252\" data-end=\"2587\">Vivimos y trabajamos en la finca <strong data-start=\"2281\" data-end=\"2297\">Can Remilans<\/strong>, donde cultivamos la tierra con respeto, conciencia y compromiso. Entendemos el huerto como un espacio de vida, de cuidado y de conexi\u00f3n con los ritmos naturales. Por ello producimos \u00fanicamente <strong data-start=\"2470\" data-end=\"2495\">alimentos de temporada<\/strong>, cultivados de forma <strong data-start=\"2516\" data-end=\"2532\">biointensiva<\/strong> en nuestros huertos ecol\u00f3gicos certificados por el <strong data-start=\"2577\" data-end=\"2586\">CCPAE<\/strong>.<\/p>\n<p>[\/vc_column_text][vc_column_text css_animation=\u00bbfadeInLeft\u00bb css=\u00bb\u00bb]<\/p>\n<p style=\"text-align: center;\" data-start=\"2589\" data-end=\"2890\">Nuestra labor no consiste solo en hacer crecer productos, sino tambi\u00e9n en hacer crecer v\u00ednculos. Queremos construir una red s\u00f3lida entre consumidoras y productores que, de manera conjunta, impulse una forma m\u00e1s justa, cercana y transformadora de relacionarnos con lo que comemos y con quien lo hace posible.<\/p>\n<p>[\/vc_column_text][vc_column_text css_animation=\u00bbfadeInRight\u00bb css=\u00bb\u00bb]<\/p>\n<p style=\"text-align: center;\" data-start=\"2892\" data-end=\"3146\">Esta mirada tambi\u00e9n nos lleva a trabajar conjuntamente con <strong data-start=\"2952\" data-end=\"2991\">productores y productoras de la zona<\/strong>, sumando esfuerzos para ofrecer una propuesta m\u00e1s amplia, reforzar el tejido local y seguir apostando por un modelo de consumo responsable y arraigado en el territorio.<\/p>\n<p>[\/vc_column_text][vc_empty_space height=\u00bb35&#8243;]<style type=\"text\/css\" data-type=\"the7_shortcodes-inline-css\">.shortcode-single-image-wrap.shortcode-single-image-38bd917f4b11bb62cb8dda21b9af44ca.enable-bg-rollover .rollover i,\n.shortcode-single-image-wrap.shortcode-single-image-38bd917f4b11bb62cb8dda21b9af44ca.enable-bg-rollover .rollover-video i {\n  background: -webkit-linear-gradient();\n  background: linear-gradient();\n}\n.shortcode-single-image-wrap.shortcode-single-image-38bd917f4b11bb62cb8dda21b9af44ca .rollover-icon {\n  font-size: 32px;\n  color: #ffffff;\n  min-width: 44px;\n  min-height: 44px;\n  line-height: 44px;\n  border-radius: 100px;\n  border-style: solid;\n  border-width: 0px;\n}\n.dt-icon-bg-on.shortcode-single-image-wrap.shortcode-single-image-38bd917f4b11bb62cb8dda21b9af44ca .rollover-icon {\n  background: rgba(255,255,255,0.3);\n  box-shadow: none;\n}<\/style><div class=\"shortcode-single-image-wrap shortcode-single-image-38bd917f4b11bb62cb8dda21b9af44ca alignnone flipInX animate-element  enable-bg-rollover dt-icon-bg-off\" style=\"margin-top:0px; margin-bottom:0px; margin-left:0px; margin-right:0px; width:500px;\"><div class=\"shortcode-single-image\"><div class=\"fancy-media-wrap  layzr-bg\" style=\"\"><img fetchpriority=\"high\" decoding=\"async\" class=\"preload-me lazy-load aspect\" src=\"data:image\/svg+xml,%3Csvg%20xmlns%3D&#39;http%3A%2F%2Fwww.w3.org%2F2000%2Fsvg&#39;%20viewBox%3D&#39;0%200%20500%20250&#39;%2F%3E\" data-src=\"https:\/\/www.ecohortacanremilans.cat\/wp-content\/uploads\/2026\/03\/logo-ecohorta2.svg\" data-srcset=\"https:\/\/www.ecohortacanremilans.cat\/wp-content\/uploads\/2026\/03\/logo-ecohorta2.svg 500w\" loading=\"eager\" sizes=\"(max-width: 500px) 100vw, 500px\" width=\"500\" height=\"250\"  data-dt-location=\"https:\/\/www.ecohortacanremilans.cat\/es\/qui-som\/logo-ecohorta2\/\" style=\"--ratio: 500 \/ 250;\" alt=\"\" \/><\/div><\/div><\/div>[vc_empty_space height=\u00bb50&#8243;][\/vc_column][vc_column width=\u00bb1\/6&#8243;][\/vc_column][\/vc_row][vc_row full_width=\u00bbstretch_row_content_no_spaces\u00bb bg_type=\u00bbimage\u00bb parallax_style=\u00bbvcpb-default\u00bb bg_image_new=\u00bbid^152|url^https:\/\/www.ecohortacanremilans.cat\/wp-content\/uploads\/2026\/03\/Ecohorta-foto-final-qui-som.webp|caption^null|alt^null|title^Ecohorta &#8211; foto final qui som|description^null\u00bb bg_image_repeat=\u00bbno-repeat\u00bb bg_img_attach=\u00bbfixed\u00bb ult_hide_row=\u00bbult_hide_row_value\u00bb ult_hide_row_mobile=\u00bbmobile\u00bb css=\u00bb.vc_custom_1774004899653{padding-top: 150px !important;padding-bottom: 150px !important;}\u00bb][vc_column][\/vc_column][\/vc_row][vc_row full_width=\u00bbstretch_row_content_no_spaces\u00bb bg_type=\u00bbimage\u00bb parallax_style=\u00bbvcpb-default\u00bb bg_image_new=\u00bbid^152|url^https:\/\/www.ecohortacanremilans.cat\/wp-content\/uploads\/2026\/03\/Ecohorta-foto-final-qui-som.webp|caption^null|alt^null|title^Ecohorta &#8211; foto final qui som|description^null\u00bb bg_image_repeat=\u00bbno-repeat\u00bb ult_hide_row=\u00bbult_hide_row_value\u00bb ult_hide_row_large_screen=\u00bblarge_screen\u00bb ult_hide_row_desktop=\u00bbdesktop\u00bb ult_hide_row_tablet=\u00bbtablet\u00bb ult_hide_row_tablet_small=\u00bbxs_tablet\u00bb ult_hide_row_mobile_large=\u00bbxl_mobile\u00bb css=\u00bb.vc_custom_1774004895095{padding-top: 150px !important;padding-bottom: 150px !important;}\u00bb el_id=\u00bbM\u00f3vil\u00bb][vc_column][\/vc_column][\/vc_row]<\/p>\n<\/div>","protected":false},"excerpt":{"rendered":"<p>[vc_row][vc_column width=\u00bb1\/6&#8243;][\/vc_column][vc_column width=\u00bb2\/3&#8243;][vc_empty_space height=\u00bb35&#8243;][vc_column_text css_animation=\u00bbfadeInLeft\u00bb css=\u00bb\u00bb] EcoHorta Can Remilans es un peque\u00f1o proyecto agroecol\u00f3gico arraigado en Massanes que, desde hace a\u00f1os, trabaja por una soberan\u00eda alimentaria real y por otra forma de entender la alimentaci\u00f3n, el territorio, las relaciones humanas, los alimentos y la relaci\u00f3n directa con las personas. [\/vc_column_text][vc_column_text css_animation=\u00bbfadeInRight\u00bb css=\u00bb\u00bb] Vivimos y trabajamos&hellip;<\/p>\n","protected":false},"author":2,"featured_media":0,"parent":0,"menu_order":0,"comment_status":"closed","ping_status":"closed","template":"","meta":{"_joinchat":[],"footnotes":""},"class_list":["post-228","page","type-page","status-publish","hentry","description-off"],"_links":{"self":[{"href":"https:\/\/www.ecohortacanremilans.cat\/es\/wp-json\/wp\/v2\/pages\/228","targetHints":{"allow":["GET"]}}],"collection":[{"href":"https:\/\/www.ecohortacanremilans.cat\/es\/wp-json\/wp\/v2\/pages"}],"about":[{"href":"https:\/\/www.ecohortacanremilans.cat\/es\/wp-json\/wp\/v2\/types\/page"}],"author":[{"embeddable":true,"href":"https:\/\/www.ecohortacanremilans.cat\/es\/wp-json\/wp\/v2\/users\/2"}],"replies":[{"embeddable":true,"href":"https:\/\/www.ecohortacanremilans.cat\/es\/wp-json\/wp\/v2\/comments?post=228"}],"version-history":[{"count":5,"href":"https:\/\/www.ecohortacanremilans.cat\/es\/wp-json\/wp\/v2\/pages\/228\/revisions"}],"predecessor-version":[{"id":240,"href":"https:\/\/www.ecohortacanremilans.cat\/es\/wp-json\/wp\/v2\/pages\/228\/revisions\/240"}],"wp:attachment":[{"href":"https:\/\/www.ecohortacanremilans.cat\/es\/wp-json\/wp\/v2\/media?parent=228"}],"curies":[{"name":"wp","href":"https:\/\/api.w.org\/{rel}","templated":true}]}}