{"id":242,"date":"2026-03-27T11:11:35","date_gmt":"2026-03-27T11:11:35","guid":{"rendered":"https:\/\/www.ecohortacanremilans.cat\/aviso-legal\/"},"modified":"2026-03-27T11:40:26","modified_gmt":"2026-03-27T11:40:26","slug":"aviso-legal","status":"publish","type":"page","link":"https:\/\/www.ecohortacanremilans.cat\/es\/aviso-legal\/","title":{"rendered":"Aviso legal"},"content":{"rendered":"<div class=\"wpb-content-wrapper\"><p>[vc_row][vc_column width=\u00bb1\/6&#8243;][\/vc_column][vc_column width=\u00bb2\/3&#8243;][vc_column_text css=\u00bb\u00bb]<\/p>\n<p data-start=\"3712\" data-end=\"3740\"><strong data-start=\"3712\" data-end=\"3740\">1. Datos identificativos<\/strong><\/p>\n<p data-start=\"3742\" data-end=\"3892\">En cumplimiento de la Ley 34\/2002, de servicios de la sociedad de la informaci\u00f3n y del comercio electr\u00f3nico, se informa que este sitio web es titularidad de:<\/p>\n<p data-start=\"3894\" data-end=\"4107\">EcoHorta Can Remilans<br data-start=\"3915\" data-end=\"3918\">NIF: 45547266K<br data-start=\"3932\" data-end=\"3935\">Direcci\u00f3n: Barri Rieral, 14, 17452 Massanes (Girona)<br data-start=\"3984\" data-end=\"3987\">Correo electr\u00f3nico: <a class=\"decorated-link cursor-pointer\" rel=\"noopener\" data-start=\"4006\" data-end=\"4034\">info@ecohortacanremilans.cat<\/a><br data-start=\"4034\" data-end=\"4037\">Tel\u00e9fono: 633 552 504<br data-start=\"4057\" data-end=\"4060\">Sitio web: <a class=\"decorated-link\" href=\"https:\/\/www.ecohortacanremilans.cat\/es\/\" target=\"_new\" rel=\"noopener\" data-start=\"4070\" data-end=\"4105\">https:\/\/www.ecohortacanremilans.cat<\/a><\/p>\n<p data-start=\"4109\" data-end=\"4123\"><strong data-start=\"4109\" data-end=\"4123\">2. Objeto<\/strong><\/p>\n<p data-start=\"4125\" data-end=\"4232\">Este sitio web tiene como finalidad ofrecer informaci\u00f3n sobre los productos y servicios de EcoHorta Can Remilans.<\/p>\n<p data-start=\"4234\" data-end=\"4337\">El acceso y uso del sitio web atribuye la condici\u00f3n de usuario e implica la aceptaci\u00f3n del presente aviso legal.<\/p>\n<p data-start=\"4339\" data-end=\"4361\"><strong data-start=\"4339\" data-end=\"4361\">3. Condiciones de uso<\/strong><\/p>\n<p data-start=\"4363\" data-end=\"4547\">El usuario se compromete a utilizar el sitio web de conformidad con la ley, la buena fe y el orden p\u00fablico, y a no realizar actividades que puedan da\u00f1ar el sitio web o los derechos de terceros.<\/p>\n<p data-start=\"4549\" data-end=\"4592\"><strong data-start=\"4549\" data-end=\"4592\">4. Propiedad intelectual e industrial<\/strong><\/p>\n<p data-start=\"4594\" data-end=\"4798\">Todos los contenidos del sitio web, incluyendo textos, im\u00e1genes, dise\u00f1os, logotipos, fotograf\u00edas y c\u00f3digo fuente, son titularidad del responsable o de terceros autorizados y est\u00e1n protegidos por la normativa vigente.<\/p>\n<p data-start=\"4800\" data-end=\"4880\">Queda prohibida su reproducci\u00f3n total o parcial sin autorizaci\u00f3n expresa.<\/p>\n<p data-start=\"4882\" data-end=\"4904\"><strong data-start=\"4882\" data-end=\"4904\">5. Responsabilidad<\/strong><\/p>\n<p data-start=\"4906\" data-end=\"5050\">El titular no se hace responsable de posibles errores t\u00e9cnicos, interrupciones del servicio o del uso indebido de la informaci\u00f3n contenida en el sitio web.<\/p>\n<p data-start=\"5052\" data-end=\"5075\"><strong data-start=\"5052\" data-end=\"5075\">6. Enlaces externos<\/strong><\/p>\n<p data-start=\"5077\" data-end=\"5221\">Este sitio web puede contener enlaces a sitios web de terceros. El titular no asume ninguna responsabilidad sobre sus contenidos o pol\u00edticas.<\/p>\n<p data-start=\"5223\" data-end=\"5250\"><strong data-start=\"5223\" data-end=\"5250\">7. Legislaci\u00f3n aplicable<\/strong><\/p>\n<p data-start=\"5252\" data-end=\"5400\">La relaci\u00f3n entre el usuario y el titular se rige por la legislaci\u00f3n espa\u00f1ola. Cualquier controversia se someter\u00e1 a los juzgados y tribunales competentes.<\/p>\n<p>[\/vc_column_text][\/vc_column][vc_column width=\u00bb1\/6&#8243;][\/vc_column][\/vc_row]<\/p>\n<\/div>","protected":false},"excerpt":{"rendered":"<p>[vc_row][vc_column width=\u00bb1\/6&#8243;][\/vc_column][vc_column width=\u00bb2\/3&#8243;][vc_column_text css=\u00bb\u00bb] 1. Datos identificativos En cumplimiento de la Ley 34\/2002, de servicios de la sociedad de la informaci\u00f3n y del comercio electr\u00f3nico, se informa que este sitio web es titularidad de: EcoHorta Can RemilansNIF: 45547266KDirecci\u00f3n: Barri Rieral, 14, 17452 Massanes (Girona)Correo electr\u00f3nico: info@ecohortacanremilans.catTel\u00e9fono: 633 552 504Sitio web: https:\/\/www.ecohortacanremilans.cat 2. Objeto Este sitio&hellip;<\/p>\n","protected":false},"author":1,"featured_media":0,"parent":0,"menu_order":0,"comment_status":"closed","ping_status":"closed","template":"","meta":{"_joinchat":[],"footnotes":""},"class_list":["post-242","page","type-page","status-publish","hentry","description-off"],"_links":{"self":[{"href":"https:\/\/www.ecohortacanremilans.cat\/es\/wp-json\/wp\/v2\/pages\/242","targetHints":{"allow":["GET"]}}],"collection":[{"href":"https:\/\/www.ecohortacanremilans.cat\/es\/wp-json\/wp\/v2\/pages"}],"about":[{"href":"https:\/\/www.ecohortacanremilans.cat\/es\/wp-json\/wp\/v2\/types\/page"}],"author":[{"embeddable":true,"href":"https:\/\/www.ecohortacanremilans.cat\/es\/wp-json\/wp\/v2\/users\/1"}],"replies":[{"embeddable":true,"href":"https:\/\/www.ecohortacanremilans.cat\/es\/wp-json\/wp\/v2\/comments?post=242"}],"version-history":[{"count":2,"href":"https:\/\/www.ecohortacanremilans.cat\/es\/wp-json\/wp\/v2\/pages\/242\/revisions"}],"predecessor-version":[{"id":244,"href":"https:\/\/www.ecohortacanremilans.cat\/es\/wp-json\/wp\/v2\/pages\/242\/revisions\/244"}],"wp:attachment":[{"href":"https:\/\/www.ecohortacanremilans.cat\/es\/wp-json\/wp\/v2\/media?parent=242"}],"curies":[{"name":"wp","href":"https:\/\/api.w.org\/{rel}","templated":true}]}}