{"id":254,"date":"2026-03-16T10:46:29","date_gmt":"2026-03-16T10:46:29","guid":{"rendered":"https:\/\/www.ecohortacanremilans.cat\/politica-de-privacidad\/"},"modified":"2026-03-27T11:40:56","modified_gmt":"2026-03-27T11:40:56","slug":"politica-de-privacidad","status":"publish","type":"page","link":"https:\/\/www.ecohortacanremilans.cat\/es\/politica-de-privacidad\/","title":{"rendered":"Pol\u00edtica de privacidad"},"content":{"rendered":"<div class=\"wpb-content-wrapper\"><p>[vc_row][vc_column width=\u00bb1\/6&#8243;][\/vc_column][vc_column width=\u00bb2\/3&#8243;][vc_column_text css=\u00bb\u00bb]<\/p>\n<p data-start=\"380\" data-end=\"559\">Esta pol\u00edtica de privacidad se actualiz\u00f3 por \u00faltima vez el 27 de marzo de 2026 y se aplica a ciudadanos y residentes legales permanentes del Espacio Econ\u00f3mico Europeo y Suiza.<\/p>\n<p data-start=\"561\" data-end=\"586\"><strong data-start=\"561\" data-end=\"586\">1. Informaci\u00f3n general<\/strong><\/p>\n<p data-start=\"588\" data-end=\"758\">En cumplimiento del Reglamento (UE) 2016\/679 (RGPD), se informa a los usuarios del sitio web <a class=\"decorated-link\" href=\"https:\/\/www.ecohortacanremilans.cat\/es\/\" target=\"_new\" rel=\"noopener\" data-start=\"673\" data-end=\"708\">https:\/\/www.ecohortacanremilans.cat<\/a> sobre el tratamiento de sus datos personales.<\/p>\n<p data-start=\"760\" data-end=\"977\">El responsable del tratamiento es:<br data-start=\"793\" data-end=\"796\">EcoHorta Can Remilans<br data-start=\"817\" data-end=\"820\">NIF: 45547266K<br data-start=\"834\" data-end=\"837\">Direcci\u00f3n: Barri Rieral, 14, 17452 Massanes (Girona)<br data-start=\"886\" data-end=\"889\">Pa\u00eds: Espa\u00f1a<br data-start=\"902\" data-end=\"905\">Correo electr\u00f3nico: <a class=\"decorated-link cursor-pointer\" rel=\"noopener\" data-start=\"924\" data-end=\"952\">info@ecohortacanremilans.cat<\/a><br data-start=\"952\" data-end=\"955\">Tel\u00e9fono: 633 552 504<\/p>\n<p data-start=\"979\" data-end=\"1017\"><strong data-start=\"979\" data-end=\"1017\">2. Datos personales que se recogen<\/strong><\/p>\n<p data-start=\"1019\" data-end=\"1314\">Este sitio web puede recoger los siguientes datos personales:<br data-start=\"1077\" data-end=\"1080\">Nombre y apellidos<br data-start=\"1093\" data-end=\"1096\">Correo electr\u00f3nico<br data-start=\"1113\" data-end=\"1116\">Tel\u00e9fono<br data-start=\"1123\" data-end=\"1126\">Datos facilitados mediante formularios de contacto<br data-start=\"1177\" data-end=\"1180\">Datos t\u00e9cnicos como la direcci\u00f3n IP, navegador, dispositivo o sistema operativo<br data-start=\"1253\" data-end=\"1256\">Preferencias relacionadas con el consentimiento de cookies<\/p>\n<p data-start=\"1316\" data-end=\"1347\"><strong data-start=\"1316\" data-end=\"1347\">3. Finalidad del tratamiento<\/strong><\/p>\n<p data-start=\"1349\" data-end=\"1749\">Los datos personales se tratan con las siguientes finalidades:<br data-start=\"1408\" data-end=\"1411\">Atender consultas o solicitudes realizadas por los usuarios<br data-start=\"1468\" data-end=\"1471\">Gestionar pedidos o servicios ofrecidos en el sitio web<br data-start=\"1518\" data-end=\"1521\">Gestionar comunicaciones informativas o comerciales cuando proceda<br data-start=\"1591\" data-end=\"1594\">Garantizar el correcto funcionamiento del sitio web<br data-start=\"1640\" data-end=\"1643\">Analizar el uso del sitio web con fines estad\u00edsticos<br data-start=\"1699\" data-end=\"1702\">Cumplir con las obligaciones legales aplicables<\/p>\n<p data-start=\"1751\" data-end=\"1783\"><strong data-start=\"1751\" data-end=\"1783\">4. Base legal del tratamiento<\/strong><\/p>\n<p data-start=\"1785\" data-end=\"1976\">La base legal del tratamiento es:<br data-start=\"1817\" data-end=\"1820\">El consentimiento del usuario<br data-start=\"1847\" data-end=\"1850\">La ejecuci\u00f3n de un contrato o medidas precontractuales<br data-start=\"1901\" data-end=\"1904\">El cumplimiento de obligaciones legales<br data-start=\"1938\" data-end=\"1941\">El inter\u00e9s leg\u00edtimo del responsable<\/p>\n<p data-start=\"1978\" data-end=\"2009\"><strong data-start=\"1978\" data-end=\"2009\">5. Conservaci\u00f3n de los datos<\/strong><\/p>\n<p data-start=\"2011\" data-end=\"2225\">Los datos personales se conservar\u00e1n durante el tiempo necesario para cumplir la finalidad para la que fueron recogidos, mientras exista una relaci\u00f3n con el usuario o durante los plazos exigidos por la normativa vigente.<\/p>\n<p data-start=\"2227\" data-end=\"2259\"><strong data-start=\"2227\" data-end=\"2259\">6. Destinatarios de los datos<\/strong><\/p>\n<p data-start=\"2261\" data-end=\"2453\">Los datos personales no se comunicar\u00e1n a terceros, excepto por obligaci\u00f3n legal o cuando sea necesario para la prestaci\u00f3n del servicio mediante proveedores que act\u00faan como encargados del tratamiento.<\/p>\n<p data-start=\"2455\" data-end=\"2660\">El uso de servicios como WooCommerce, Google Maps, Google Fonts, Google reCAPTCHA o Instagram puede implicar transferencias internacionales de datos, garantiz\u00e1ndose en todo caso las medidas adecuadas conforme al RGPD.<\/p>\n<p data-start=\"2662\" data-end=\"2686\"><strong data-start=\"2662\" data-end=\"2686\">7. Derechos del usuario<\/strong><\/p>\n<p data-start=\"2688\" data-end=\"3008\">El usuario puede ejercer los siguientes derechos:<br data-start=\"2728\" data-end=\"2731\">Derecho de acceso a sus datos personales<br data-start=\"2771\" data-end=\"2774\">Derecho de rectificaci\u00f3n de datos inexactos<br data-start=\"2813\" data-end=\"2816\">Derecho de supresi\u00f3n de los datos<br data-start=\"2846\" data-end=\"2849\">Derecho a la limitaci\u00f3n del tratamiento<br data-start=\"2883\" data-end=\"2886\">Derecho a la portabilidad de los datos<br data-start=\"2921\" data-end=\"2924\">Derecho de oposici\u00f3n al tratamiento<br data-start=\"2953\" data-end=\"2956\">Derecho a retirar el consentimiento en cualquier momento<\/p>\n<p data-start=\"3010\" data-end=\"3097\">Para ejercer estos derechos, puede enviar una solicitud a <a class=\"decorated-link cursor-pointer\" rel=\"noopener\" data-start=\"3068\" data-end=\"3096\">info@ecohortacanremilans.cat<\/a>.<\/p>\n<p data-start=\"3099\" data-end=\"3192\">Tambi\u00e9n tiene derecho a presentar una reclamaci\u00f3n ante la Agencia Espa\u00f1ola de Protecci\u00f3n de Datos.<\/p>\n<p data-start=\"3194\" data-end=\"3221\"><strong data-start=\"3194\" data-end=\"3221\">8. Medidas de seguridad<\/strong><\/p>\n<p data-start=\"3223\" data-end=\"3376\">El responsable aplica las medidas t\u00e9cnicas y organizativas necesarias para garantizar la seguridad, confidencialidad e integridad de los datos personales.<\/p>\n<p data-start=\"3378\" data-end=\"3398\"><strong data-start=\"3378\" data-end=\"3398\">9. Uso de cookies<\/strong><\/p>\n<p data-start=\"3400\" data-end=\"3541\">Este sitio web utiliza cookies propias y de terceros. Puede consultar toda la informaci\u00f3n correspondiente a la Pol\u00edtica de Cookies del sitio web.<\/p>\n<p data-start=\"3543\" data-end=\"3564\"><strong data-start=\"3543\" data-end=\"3564\">10. Modificaciones<\/strong><\/p>\n<p data-start=\"3566\" data-end=\"3689\">El responsable se reserva el derecho a modificar esta pol\u00edtica de privacidad para adaptarla a cambios legislativos o t\u00e9cnicos.<\/p>\n<p>[\/vc_column_text][\/vc_column][vc_column width=\u00bb1\/6&#8243;][\/vc_column][\/vc_row]<\/p>\n<\/div>","protected":false},"excerpt":{"rendered":"<p>[vc_row][vc_column width=\u00bb1\/6&#8243;][\/vc_column][vc_column width=\u00bb2\/3&#8243;][vc_column_text css=\u00bb\u00bb] Esta pol\u00edtica de privacidad se actualiz\u00f3 por \u00faltima vez el 27 de marzo de 2026 y se aplica a ciudadanos y residentes legales permanentes del Espacio Econ\u00f3mico Europeo y Suiza. 1. Informaci\u00f3n general En cumplimiento del Reglamento (UE) 2016\/679 (RGPD), se informa a los usuarios del sitio web https:\/\/www.ecohortacanremilans.cat sobre el&hellip;<\/p>\n","protected":false},"author":1,"featured_media":0,"parent":0,"menu_order":0,"comment_status":"closed","ping_status":"closed","template":"","meta":{"_joinchat":[],"footnotes":""},"class_list":["post-254","page","type-page","status-publish","hentry","description-off"],"_links":{"self":[{"href":"https:\/\/www.ecohortacanremilans.cat\/es\/wp-json\/wp\/v2\/pages\/254","targetHints":{"allow":["GET"]}}],"collection":[{"href":"https:\/\/www.ecohortacanremilans.cat\/es\/wp-json\/wp\/v2\/pages"}],"about":[{"href":"https:\/\/www.ecohortacanremilans.cat\/es\/wp-json\/wp\/v2\/types\/page"}],"author":[{"embeddable":true,"href":"https:\/\/www.ecohortacanremilans.cat\/es\/wp-json\/wp\/v2\/users\/1"}],"replies":[{"embeddable":true,"href":"https:\/\/www.ecohortacanremilans.cat\/es\/wp-json\/wp\/v2\/comments?post=254"}],"version-history":[{"count":2,"href":"https:\/\/www.ecohortacanremilans.cat\/es\/wp-json\/wp\/v2\/pages\/254\/revisions"}],"predecessor-version":[{"id":258,"href":"https:\/\/www.ecohortacanremilans.cat\/es\/wp-json\/wp\/v2\/pages\/254\/revisions\/258"}],"wp:attachment":[{"href":"https:\/\/www.ecohortacanremilans.cat\/es\/wp-json\/wp\/v2\/media?parent=254"}],"curies":[{"name":"wp","href":"https:\/\/api.w.org\/{rel}","templated":true}]}}