{"id":259,"date":"2026-03-17T09:37:50","date_gmt":"2026-03-17T09:37:50","guid":{"rendered":"https:\/\/www.ecohortacanremilans.cat\/el-huerto\/"},"modified":"2026-03-27T11:40:56","modified_gmt":"2026-03-27T11:40:56","slug":"el-huerto","status":"publish","type":"page","link":"https:\/\/www.ecohortacanremilans.cat\/es\/el-huerto\/","title":{"rendered":"El huerto"},"content":{"rendered":"<div class=\"wpb-content-wrapper\"><p>[vc_row css=\u00bb.vc_custom_1773837300368{padding-bottom: 30px !important;}\u00bb][vc_column width=\u00bb1\/6&#8243;][\/vc_column][vc_column width=\u00bb2\/3&#8243;][vc_column_text]<\/p>\n<p style=\"text-align: center;\">En nuestro huerto cultivamos <strong>verduras y hortalizas ecol\u00f3gicas de temporada<\/strong>, siguiendo los ritmos naturales y evitando pr\u00e1cticas intensivas que da\u00f1en la tierra. Nos interesa producir alimentos buenos, sanos y llenos de vida, y sabemos que esto solo es posible cuando el suelo se cuida y se respeta.<\/p>\n<p>[\/vc_column_text][\/vc_column][vc_column width=\u00bb1\/6&#8243;][\/vc_column][\/vc_row][vc_row full_width=\u00bbstretch_row_content_no_spaces\u00bb css=\u00bb.vc_custom_1773836893602{margin-bottom: 50px !important;}\u00bb][vc_column]<style type=\"text\/css\" data-type=\"the7_shortcodes-inline-css\">.gallery-carousel-shortcode.gallery-carousel-shortcode-id-351a2562a1f5e9b6e3300ffe7143df21.owl-carousel .owl-nav div {\n  width: 36px;\n  height: 36px;\n  border-radius: 500px;\n}\n.dt-arrow-border-on.gallery-carousel-shortcode.gallery-carousel-shortcode-id-351a2562a1f5e9b6e3300ffe7143df21.owl-carousel .owl-nav div:not(:hover):before {\n  border-width: 0px;\n}\n.dt-arrow-hover-border-on.gallery-carousel-shortcode.gallery-carousel-shortcode-id-351a2562a1f5e9b6e3300ffe7143df21.owl-carousel .owl-nav div:hover:after {\n  border-width: 0px;\n}\n.gallery-carousel-shortcode.gallery-carousel-shortcode-id-351a2562a1f5e9b6e3300ffe7143df21.owl-carousel .owl-nav div.owl-prev {\n  top: 50%;\n  transform: translateY(calc(-50% + 0px));\n  left: -43px;\n}\n@media all and (-ms-high-contrast: none) {\n  .gallery-carousel-shortcode.gallery-carousel-shortcode-id-351a2562a1f5e9b6e3300ffe7143df21.owl-carousel .owl-nav div.owl-prev {\n    transform: translateY(-50%);\n    margin-top: 0px;\n  }\n}\n.gallery-carousel-shortcode.gallery-carousel-shortcode-id-351a2562a1f5e9b6e3300ffe7143df21.owl-carousel .owl-nav div.owl-prev i {\n  padding: 0px 0px 0px 0px;\n}\n.gallery-carousel-shortcode.gallery-carousel-shortcode-id-351a2562a1f5e9b6e3300ffe7143df21.owl-carousel .owl-nav div.owl-next {\n  top: 50%;\n  transform: translateY(calc(-50% + 0px));\n  right: -43px;\n}\n@media all and (-ms-high-contrast: none) {\n  .gallery-carousel-shortcode.gallery-carousel-shortcode-id-351a2562a1f5e9b6e3300ffe7143df21.owl-carousel .owl-nav div.owl-next {\n    transform: translateY(-50%);\n    margin-top: 0px;\n  }\n}\n.gallery-carousel-shortcode.gallery-carousel-shortcode-id-351a2562a1f5e9b6e3300ffe7143df21.owl-carousel .owl-nav div.owl-next i {\n  padding: 0px 0px 0px 0px;\n}\n.gallery-carousel-shortcode.gallery-carousel-shortcode-id-351a2562a1f5e9b6e3300ffe7143df21.owl-carousel .owl-nav i {\n  font-size: 18px;\n}\n.gallery-carousel-shortcode.gallery-carousel-shortcode-id-351a2562a1f5e9b6e3300ffe7143df21.owl-carousel .owl-nav div:not(:hover) i,\n.gallery-carousel-shortcode.gallery-carousel-shortcode-id-351a2562a1f5e9b6e3300ffe7143df21.owl-carousel .owl-nav div:not(:hover) i:before {\n  color: #ffffff;\n  background: none;\n}\n.gallery-carousel-shortcode.gallery-carousel-shortcode-id-351a2562a1f5e9b6e3300ffe7143df21.owl-carousel .owl-nav div:hover i,\n.gallery-carousel-shortcode.gallery-carousel-shortcode-id-351a2562a1f5e9b6e3300ffe7143df21.owl-carousel .owl-nav div:hover i:before {\n  color: rgba(255,255,255,0.75);\n  background: none;\n}\n.gallery-carousel-shortcode.gallery-carousel-shortcode-id-351a2562a1f5e9b6e3300ffe7143df21 .owl-dots {\n  top: calc(100% + 20px);\n  left: 50%;\n  transform: translateX(calc(-50% + 0px));\n}\n@media all and (-ms-high-contrast: none) {\n  .gallery-carousel-shortcode.gallery-carousel-shortcode-id-351a2562a1f5e9b6e3300ffe7143df21 .owl-dots {\n    transform: translateX(-50%);\n    margin-left: 0px;\n  }\n}\n.gallery-carousel-shortcode.gallery-carousel-shortcode-id-351a2562a1f5e9b6e3300ffe7143df21 .owl-dot {\n  width: 10px;\n  height: 10px;\n  margin: 0 8px;\n}\n@media screen and (max-width: 778px) {\n  .gallery-carousel-shortcode.gallery-carousel-shortcode-id-351a2562a1f5e9b6e3300ffe7143df21.hide-arrows .owl-nav a {\n    display: none;\n  }\n}\n@media screen and (max-width: 778px) {\n  .gallery-carousel-shortcode.gallery-carousel-shortcode-id-351a2562a1f5e9b6e3300ffe7143df21.reposition-arrows .owl-nav div.owl-prev {\n    top: 50%;\n    transform: translateY(calc(-50% + 0px));\n    left: 10px;\n  }\n  .gallery-carousel-shortcode.gallery-carousel-shortcode-id-351a2562a1f5e9b6e3300ffe7143df21.reposition-arrows .owl-nav div.owl-next {\n    top: 50%;\n    transform: translateY(calc(-50% + 0px));\n    right: 10px;\n  }\n}\n@media screen and (max-width: 778px) and all and (-ms-high-contrast: none) {\n  .gallery-carousel-shortcode.gallery-carousel-shortcode-id-351a2562a1f5e9b6e3300ffe7143df21.reposition-arrows .owl-nav div.owl-prev {\n    transform: translateY(-50%);\n    margin-top: 0px;\n  }\n}\n@media screen and (max-width: 778px) and all and (-ms-high-contrast: none) {\n  .gallery-carousel-shortcode.gallery-carousel-shortcode-id-351a2562a1f5e9b6e3300ffe7143df21.reposition-arrows .owl-nav div.owl-next {\n    transform: translateY(-50%);\n    margin-top: 0px;\n  }\n}\n.gallery-carousel-shortcode.gallery-carousel-shortcode-id-351a2562a1f5e9b6e3300ffe7143df21 figure,\n.gallery-carousel-shortcode.gallery-carousel-shortcode-id-351a2562a1f5e9b6e3300ffe7143df21 .rollover,\n.gallery-carousel-shortcode.gallery-carousel-shortcode-id-351a2562a1f5e9b6e3300ffe7143df21 img,\n.gallery-carousel-shortcode.gallery-carousel-shortcode-id-351a2562a1f5e9b6e3300ffe7143df21 .gallery-rollover {\n  border-radius: 0px;\n}\n.gallery-carousel-shortcode.gallery-carousel-shortcode-id-351a2562a1f5e9b6e3300ffe7143df21.enable-bg-rollover .gallery-rollover {\n  background: -webkit-linear-gradient();\n  background: linear-gradient();\n}\n.gallery-carousel-shortcode.gallery-carousel-shortcode-id-351a2562a1f5e9b6e3300ffe7143df21.enable-img-shadow .owl-stage-outer {\n  padding: 14px 0;\n}\n.gallery-carousel-shortcode.gallery-carousel-shortcode-id-351a2562a1f5e9b6e3300ffe7143df21.enable-bg-rollover.hover-scale figure .rollover:after {\n  background: -webkit-linear-gradient();\n  background: linear-gradient();\n}\n.gallery-carousel-shortcode.gallery-carousel-shortcode-id-351a2562a1f5e9b6e3300ffe7143df21.gallery-shortcode .gallery-zoom-ico {\n  width: 44px;\n  height: 44px;\n  line-height: 44px;\n  border-radius: 100px;\n  margin: -22px 0 0 -22px;\n  border-width: 0px;\n}\n.dt-icon-bg-on.gallery-carousel-shortcode.gallery-carousel-shortcode-id-351a2562a1f5e9b6e3300ffe7143df21.gallery-shortcode .gallery-zoom-ico {\n  background: rgba(255,255,255,0.3);\n  box-shadow: none;\n}\n.gallery-carousel-shortcode.gallery-carousel-shortcode-id-351a2562a1f5e9b6e3300ffe7143df21.gallery-shortcode .gallery-zoom-ico:before,\n.gallery-carousel-shortcode.gallery-carousel-shortcode-id-351a2562a1f5e9b6e3300ffe7143df21.gallery-shortcode .gallery-zoom-ico span {\n  font-size: 32px;\n  line-height: 44px;\n  color: #ffffff;\n  background: none;\n}<\/style><div class=\"owl-carousel gallery-carousel-shortcode gallery-shortcode  dt-gallery-container dt-owl-carousel-call gallery-carousel-shortcode-id-351a2562a1f5e9b6e3300ffe7143df21 quick-scale-img meta-info-off dt-arrow-border-on dt-arrow-hover-border-on bullets-small-dot-stroke reposition-arrows dt-icon-bg-off arrows-bg-on disable-arrows-hover-bg arrows-hover-bg-on  hover-fade \" data-scroll-mode=\"1\" data-col-num=\"4\" data-wide-col-num=\"4\" data-laptop-col=\"4\" data-h-tablet-columns-num=\"4\" data-v-tablet-columns-num=\"3\" data-phone-columns-num=\"1\" data-col-gap=\"10\" data-stage-padding=\"0\" data-speed=\"600\" data-autoplay=\"true\" data-autoplay_speed=\"4000\" data-arrows=\"false\" data-bullet=\"false\" data-next-icon=\"icon-ar-017-r\" data-prev-icon=\"icon-ar-017-l\" data-img-shadow-size=\"12px\" data-img-shadow-spread=\"3px\"><div data-post-id=\"265\" data-date=\"2026-03-18T12:32:35+00:00\" data-name=\"Ecohorta - 89\"><figure class=\"post\"><a href=\"https:\/\/www.ecohortacanremilans.cat\/wp-content\/uploads\/2026\/03\/Ecohorta-89.webp\" class=\"rollover dt-pswp-item layzr-bg\" data-large_image_width=\"1000\" data-large_image_height=\"666\" data-dt-img-description=\"\" title=\"Ecohorta &#8211; 89\"><img fetchpriority=\"high\" decoding=\"async\" class=\"preload-me owl-lazy-load aspect\" src=\"data:image\/svg+xml,%3Csvg%20xmlns%3D&#39;http%3A%2F%2Fwww.w3.org%2F2000%2Fsvg&#39;%20viewBox%3D&#39;0%200%20666%20666&#39;%2F%3E\" data-src=\"https:\/\/www.ecohortacanremilans.cat\/wp-content\/uploads\/2026\/03\/Ecohorta-89-666x666.webp\" data-srcset=\"https:\/\/www.ecohortacanremilans.cat\/wp-content\/uploads\/2026\/03\/Ecohorta-89-666x666.webp 666w\" loading=\"eager\" style=\"--ratio: 666 \/ 666\" sizes=\"(max-width: 666px) 100vw, 666px\" alt=\"\" width=\"666\" height=\"666\"  \/><span class=\"gallery-rollover\"><\/span><\/a><\/figure><\/div><div data-post-id=\"266\" data-date=\"2026-03-18T12:32:36+00:00\" data-name=\"Ecohorta - 90\"><figure class=\"post\"><a href=\"https:\/\/www.ecohortacanremilans.cat\/wp-content\/uploads\/2026\/03\/Ecohorta-90.webp\" class=\"rollover dt-pswp-item layzr-bg\" data-large_image_width=\"1000\" data-large_image_height=\"666\" data-dt-img-description=\"\" title=\"Ecohorta &#8211; 90\"><img decoding=\"async\" class=\"preload-me owl-lazy-load aspect\" src=\"data:image\/svg+xml,%3Csvg%20xmlns%3D&#39;http%3A%2F%2Fwww.w3.org%2F2000%2Fsvg&#39;%20viewBox%3D&#39;0%200%20666%20666&#39;%2F%3E\" data-src=\"https:\/\/www.ecohortacanremilans.cat\/wp-content\/uploads\/2026\/03\/Ecohorta-90-666x666.webp\" data-srcset=\"https:\/\/www.ecohortacanremilans.cat\/wp-content\/uploads\/2026\/03\/Ecohorta-90-666x666.webp 666w\" loading=\"eager\" style=\"--ratio: 666 \/ 666\" sizes=\"(max-width: 666px) 100vw, 666px\" alt=\"\" width=\"666\" height=\"666\"  \/><span class=\"gallery-rollover\"><\/span><\/a><\/figure><\/div><div data-post-id=\"268\" data-date=\"2026-03-19T10:59:57+00:00\" data-name=\"Ecohorta - 14\"><figure class=\"post\"><a href=\"https:\/\/www.ecohortacanremilans.cat\/wp-content\/uploads\/2026\/03\/Ecohorta-14.webp\" class=\"rollover dt-pswp-item layzr-bg\" data-large_image_width=\"1000\" data-large_image_height=\"1490\" data-dt-img-description=\"\" title=\"Ecohorta &#8211; 14\"><img decoding=\"async\" class=\"preload-me owl-lazy-load aspect\" src=\"data:image\/svg+xml,%3Csvg%20xmlns%3D&#39;http%3A%2F%2Fwww.w3.org%2F2000%2Fsvg&#39;%20viewBox%3D&#39;0%200%201000%201000&#39;%2F%3E\" data-src=\"https:\/\/www.ecohortacanremilans.cat\/wp-content\/uploads\/2026\/03\/Ecohorta-14-1000x1000.webp\" data-srcset=\"https:\/\/www.ecohortacanremilans.cat\/wp-content\/uploads\/2026\/03\/Ecohorta-14-1000x1000.webp 1000w\" loading=\"eager\" style=\"--ratio: 1000 \/ 1000\" sizes=\"(max-width: 1000px) 100vw, 1000px\" alt=\"\" width=\"1000\" height=\"1000\"  \/><span class=\"gallery-rollover\"><\/span><\/a><\/figure><\/div><div data-post-id=\"260\" data-date=\"2026-03-18T12:10:57+00:00\" data-name=\"Ecohorta - 75\"><figure class=\"post\"><a href=\"https:\/\/www.ecohortacanremilans.cat\/wp-content\/uploads\/2026\/03\/Ecohorta-75.webp\" class=\"rollover dt-pswp-item layzr-bg\" data-large_image_width=\"1000\" data-large_image_height=\"666\" data-dt-img-description=\"\" title=\"Ecohorta &#8211; 75\"><img decoding=\"async\" class=\"preload-me owl-lazy-load aspect\" src=\"data:image\/svg+xml,%3Csvg%20xmlns%3D&#39;http%3A%2F%2Fwww.w3.org%2F2000%2Fsvg&#39;%20viewBox%3D&#39;0%200%20666%20666&#39;%2F%3E\" data-src=\"https:\/\/www.ecohortacanremilans.cat\/wp-content\/uploads\/2026\/03\/Ecohorta-75-666x666.webp\" data-srcset=\"https:\/\/www.ecohortacanremilans.cat\/wp-content\/uploads\/2026\/03\/Ecohorta-75-666x666.webp 666w\" loading=\"eager\" style=\"--ratio: 666 \/ 666\" sizes=\"(max-width: 666px) 100vw, 666px\" alt=\"\" width=\"666\" height=\"666\"  \/><span class=\"gallery-rollover\"><\/span><\/a><\/figure><\/div><div data-post-id=\"261\" data-date=\"2026-03-18T12:10:58+00:00\" data-name=\"Ecohorta - 76\"><figure class=\"post\"><a href=\"https:\/\/www.ecohortacanremilans.cat\/wp-content\/uploads\/2026\/03\/Ecohorta-76.webp\" class=\"rollover dt-pswp-item layzr-bg\" data-large_image_width=\"1000\" data-large_image_height=\"666\" data-dt-img-description=\"\" title=\"Ecohorta &#8211; 76\"><img decoding=\"async\" class=\"preload-me owl-lazy-load aspect\" src=\"data:image\/svg+xml,%3Csvg%20xmlns%3D&#39;http%3A%2F%2Fwww.w3.org%2F2000%2Fsvg&#39;%20viewBox%3D&#39;0%200%20666%20666&#39;%2F%3E\" data-src=\"https:\/\/www.ecohortacanremilans.cat\/wp-content\/uploads\/2026\/03\/Ecohorta-76-666x666.webp\" data-srcset=\"https:\/\/www.ecohortacanremilans.cat\/wp-content\/uploads\/2026\/03\/Ecohorta-76-666x666.webp 666w\" loading=\"eager\" style=\"--ratio: 666 \/ 666\" sizes=\"(max-width: 666px) 100vw, 666px\" alt=\"\" width=\"666\" height=\"666\"  \/><span class=\"gallery-rollover\"><\/span><\/a><\/figure><\/div><div data-post-id=\"267\" data-date=\"2026-03-18T12:33:32+00:00\" data-name=\"Ecohorta - 86\"><figure class=\"post\"><a href=\"https:\/\/www.ecohortacanremilans.cat\/wp-content\/uploads\/2026\/03\/Ecohorta-86.webp\" class=\"rollover dt-pswp-item layzr-bg\" data-large_image_width=\"1000\" data-large_image_height=\"666\" data-dt-img-description=\"\" title=\"Ecohorta &#8211; 86\"><img decoding=\"async\" class=\"preload-me owl-lazy-load aspect\" src=\"data:image\/svg+xml,%3Csvg%20xmlns%3D&#39;http%3A%2F%2Fwww.w3.org%2F2000%2Fsvg&#39;%20viewBox%3D&#39;0%200%20666%20666&#39;%2F%3E\" data-src=\"https:\/\/www.ecohortacanremilans.cat\/wp-content\/uploads\/2026\/03\/Ecohorta-86-666x666.webp\" data-srcset=\"https:\/\/www.ecohortacanremilans.cat\/wp-content\/uploads\/2026\/03\/Ecohorta-86-666x666.webp 666w\" loading=\"eager\" style=\"--ratio: 666 \/ 666\" sizes=\"(max-width: 666px) 100vw, 666px\" alt=\"\" width=\"666\" height=\"666\"  \/><span class=\"gallery-rollover\"><\/span><\/a><\/figure><\/div><\/div>[\/vc_column][\/vc_row][vc_row css=\u00bb.vc_custom_1773837247460{margin-bottom: 50px !important;}\u00bb][vc_column width=\u00bb1\/6&#8243;][\/vc_column][vc_column width=\u00bb2\/3&#8243;][vc_column_text css=\u00bb\u00bb]<\/p>\n<p style=\"text-align: center;\">Trabajamos los campos<strong> con criterios agroecol\u00f3gicos y con t\u00e9cnicas de cultivo biointensivo<\/strong>, buscando un equilibrio entre productividad, biodiversidad y salud del terreno. Utilizamos rotaciones de cultivos, abonos verdes, compost y esti\u00e9rcol, porque creemos en una fertilidad construida desde procesos naturales y no desde la dependencia externa.<\/p>\n<p>[\/vc_column_text][vc_column_text css=\u00bb\u00bb]<\/p>\n<p style=\"text-align: center;\">Nuestra producci\u00f3n est\u00e1 certificada por el <strong>CCPAE<\/strong>, una garant\u00eda del compromiso con la agricultura ecol\u00f3gica. Pero, m\u00e1s all\u00e1 del sello, lo que define nuestra manera de hacer es la voluntad de cultivar con responsabilidad, observaci\u00f3n y respeto por el entorno.<\/p>\n<p>[\/vc_column_text][vc_empty_space height=\u00bb20&#8243;]<style type=\"text\/css\" data-type=\"the7_shortcodes-inline-css\">.shortcode-single-image-wrap.shortcode-single-image-c273473590e1d49980cd669aadd3d29a.enable-bg-rollover .rollover i,\n.shortcode-single-image-wrap.shortcode-single-image-c273473590e1d49980cd669aadd3d29a.enable-bg-rollover .rollover-video i {\n  background: -webkit-linear-gradient();\n  background: linear-gradient();\n}\n.shortcode-single-image-wrap.shortcode-single-image-c273473590e1d49980cd669aadd3d29a .rollover-icon {\n  font-size: 32px;\n  color: #ffffff;\n  min-width: 44px;\n  min-height: 44px;\n  line-height: 44px;\n  border-radius: 100px;\n  border-style: solid;\n  border-width: 0px;\n}\n.dt-icon-bg-on.shortcode-single-image-wrap.shortcode-single-image-c273473590e1d49980cd669aadd3d29a .rollover-icon {\n  background: rgba(255,255,255,0.3);\n  box-shadow: none;\n}<\/style><div class=\"shortcode-single-image-wrap shortcode-single-image-c273473590e1d49980cd669aadd3d29a alignnone  enable-bg-rollover dt-icon-bg-off quick-scale-img\" style=\"margin-top:0px; margin-bottom:0px; margin-left:0px; margin-right:0px; width:200px;\"><div class=\"shortcode-single-image\"><div class=\"fancy-media-wrap  layzr-bg\" style=\"\"><img decoding=\"async\" class=\"preload-me lazy-load aspect\" src=\"data:image\/svg+xml,%3Csvg%20xmlns%3D&#39;http%3A%2F%2Fwww.w3.org%2F2000%2Fsvg&#39;%20viewBox%3D&#39;0%200%20200%20164&#39;%2F%3E\" data-src=\"https:\/\/www.ecohortacanremilans.cat\/wp-content\/uploads\/2026\/03\/CCPAE-200x164.png\" data-srcset=\"https:\/\/www.ecohortacanremilans.cat\/wp-content\/uploads\/2026\/03\/CCPAE-200x164.png 200w, https:\/\/www.ecohortacanremilans.cat\/wp-content\/uploads\/2026\/03\/CCPAE-331x271.png 331w\" loading=\"eager\" sizes=\"(max-width: 200px) 100vw, 200px\" width=\"200\" height=\"164\"  data-dt-location=\"https:\/\/www.ecohortacanremilans.cat\/es\/lhort\/ccpae\/\" style=\"--ratio: 200 \/ 164;\" alt=\"\" \/><\/div><\/div><\/div>[\/vc_column][vc_column width=\u00bb1\/6&#8243;][\/vc_column][\/vc_row][vc_row full_width=\u00bbstretch_row_content_no_spaces\u00bb bg_type=\u00bbimage\u00bb parallax_style=\u00bbvcpb-default\u00bb bg_image_new=\u00bbid^99|url^https:\/\/www.ecohortacanremilans.cat\/wp-content\/uploads\/2026\/03\/Ecohorta-foto-final.webp|caption^null|alt^null|title^Ecohorta &#8211; foto final|description^null\u00bb bg_image_repeat=\u00bbno-repeat\u00bb bg_img_attach=\u00bbfixed\u00bb ult_hide_row=\u00bbult_hide_row_value\u00bb ult_hide_row_mobile=\u00bbmobile\u00bb css=\u00bb.vc_custom_1773837242712{padding-top: 250px !important;padding-bottom: 250px !important;}\u00bb][vc_column][\/vc_column][\/vc_row]<\/p>\n<\/div>","protected":false},"excerpt":{"rendered":"<p>[vc_row css=\u00bb.vc_custom_1773837300368{padding-bottom: 30px !important;}\u00bb][vc_column width=\u00bb1\/6&#8243;][\/vc_column][vc_column width=\u00bb2\/3&#8243;][vc_column_text] En nuestro huerto cultivamos verduras y hortalizas ecol\u00f3gicas de temporada, siguiendo los ritmos naturales y evitando pr\u00e1cticas intensivas que da\u00f1en la tierra. Nos interesa producir alimentos buenos, sanos y llenos de vida, y sabemos que esto solo es posible cuando el suelo se cuida y se respeta. [\/vc_column_text][\/vc_column][vc_column width=\u00bb1\/6&#8243;][\/vc_column][\/vc_row][vc_row&hellip;<\/p>\n","protected":false},"author":2,"featured_media":0,"parent":0,"menu_order":0,"comment_status":"closed","ping_status":"closed","template":"","meta":{"_joinchat":[],"footnotes":""},"class_list":["post-259","page","type-page","status-publish","hentry","description-off"],"_links":{"self":[{"href":"https:\/\/www.ecohortacanremilans.cat\/es\/wp-json\/wp\/v2\/pages\/259","targetHints":{"allow":["GET"]}}],"collection":[{"href":"https:\/\/www.ecohortacanremilans.cat\/es\/wp-json\/wp\/v2\/pages"}],"about":[{"href":"https:\/\/www.ecohortacanremilans.cat\/es\/wp-json\/wp\/v2\/types\/page"}],"author":[{"embeddable":true,"href":"https:\/\/www.ecohortacanremilans.cat\/es\/wp-json\/wp\/v2\/users\/2"}],"replies":[{"embeddable":true,"href":"https:\/\/www.ecohortacanremilans.cat\/es\/wp-json\/wp\/v2\/comments?post=259"}],"version-history":[{"count":2,"href":"https:\/\/www.ecohortacanremilans.cat\/es\/wp-json\/wp\/v2\/pages\/259\/revisions"}],"predecessor-version":[{"id":272,"href":"https:\/\/www.ecohortacanremilans.cat\/es\/wp-json\/wp\/v2\/pages\/259\/revisions\/272"}],"wp:attachment":[{"href":"https:\/\/www.ecohortacanremilans.cat\/es\/wp-json\/wp\/v2\/media?parent=259"}],"curies":[{"name":"wp","href":"https:\/\/api.w.org\/{rel}","templated":true}]}}